{"id":2319,"date":"2025-12-18T16:03:57","date_gmt":"2025-12-18T16:03:57","guid":{"rendered":"https:\/\/aurumgroup.com.mx\/?page_id=2319"},"modified":"2025-12-18T16:09:11","modified_gmt":"2025-12-18T16:09:11","slug":"aviso-regulatorio","status":"publish","type":"page","link":"https:\/\/aurumgroup.com.mx\/fr\/aviso-regulatorio\/","title":{"rendered":"Avis r\u00e9glementaire"},"content":{"rendered":"<div data-elementor-type=\"wp-page\" data-elementor-id=\"2319\" class=\"elementor elementor-2319\" data-elementor-post-type=\"page\">\n\t\t\t\t\t\t<section class=\"elementor-section elementor-top-section elementor-element elementor-element-369bac94 elementor-section-full_width elementor-section-height-default elementor-section-height-default\" data-id=\"369bac94\" data-element_type=\"section\" data-e-type=\"section\">\n\t\t\t\t\t\t<div class=\"elementor-container elementor-column-gap-default\">\n\t\t\t\t\t<div class=\"elementor-column elementor-col-100 elementor-top-column elementor-element elementor-element-49c354b9\" data-id=\"49c354b9\" data-element_type=\"column\" data-e-type=\"column\">\n\t\t\t<div class=\"elementor-widget-wrap elementor-element-populated\">\n\t\t\t\t\t\t<section class=\"elementor-section elementor-inner-section elementor-element elementor-element-11566770 elementor-section-boxed elementor-section-height-default elementor-section-height-default\" data-id=\"11566770\" data-element_type=\"section\" data-e-type=\"section\">\n\t\t\t\t\t\t<div class=\"elementor-container elementor-column-gap-default\">\n\t\t\t\t\t<div class=\"elementor-column elementor-col-100 elementor-inner-column elementor-element elementor-element-57af24a\" data-id=\"57af24a\" data-element_type=\"column\" data-e-type=\"column\">\n\t\t\t<div class=\"elementor-widget-wrap\">\n\t\t\t\t\t\t\t<\/div>\n\t\t<\/div>\n\t\t\t\t\t<\/div>\n\t\t<\/section>\n\t\t\t\t<section class=\"elementor-section elementor-inner-section elementor-element elementor-element-7b07609e elementor-section-boxed elementor-section-height-default elementor-section-height-default\" data-id=\"7b07609e\" data-element_type=\"section\" data-e-type=\"section\">\n\t\t\t\t\t\t<div class=\"elementor-container elementor-column-gap-default\">\n\t\t\t\t\t<div class=\"elementor-column elementor-col-100 elementor-inner-column elementor-element elementor-element-1b833fa4\" data-id=\"1b833fa4\" data-element_type=\"column\" data-e-type=\"column\">\n\t\t\t<div class=\"elementor-widget-wrap elementor-element-populated\">\n\t\t\t\t\t\t<div class=\"elementor-element elementor-element-5ee6e01 elementor-widget-divider--view-line elementor-widget elementor-widget-divider\" data-id=\"5ee6e01\" data-element_type=\"widget\" data-e-type=\"widget\" data-widget_type=\"divider.default\">\n\t\t\t\t\t\t\t<div class=\"elementor-divider\">\n\t\t\t<span class=\"elementor-divider-separator\">\n\t\t\t\t\t\t<\/span>\n\t\t<\/div>\n\t\t\t\t\t\t<\/div>\n\t\t\t\t<div class=\"elementor-element elementor-element-77648bdb elementor-widget elementor-widget-heading\" data-id=\"77648bdb\" data-element_type=\"widget\" data-e-type=\"widget\" data-widget_type=\"heading.default\">\n\t\t\t\t\t<h2 class=\"elementor-heading-title elementor-size-default\">AURUM FINANCIAL GROUP est une soci\u00e9t\u00e9 ind\u00e9pendante sp\u00e9cialis\u00e9e dans la structuration financi\u00e8re, la gestion de capital priv\u00e9 et le financement de projets, agissant en tant que conseiller et structurant sans r\u00e9aliser d\u2019activit\u00e9s r\u00e9serv\u00e9es aux institutions financi\u00e8res r\u00e9glement\u00e9es.\n\nFonds d\u2019investissement priv\u00e9 AURUM\nAURUM SOVEREIGN GROUP, S. DE R.L. DE C.V., est une soci\u00e9t\u00e9 constitu\u00e9e conform\u00e9ment \u00e0 la Loi g\u00e9n\u00e9rale des soci\u00e9t\u00e9s commerciales. Nos v\u00e9hicules sont structur\u00e9s en fonds d\u2019investissement priv\u00e9s et offres priv\u00e9es de titres, destin\u00e9s exclusivement aux investisseurs institutionnels et\/ou qualifi\u00e9s, via des contrats entre particuliers.<\/h2>\t\t\t\t<\/div>\n\t\t\t\t<div class=\"elementor-element elementor-element-4724e52 elementor-widget elementor-widget-heading\" data-id=\"4724e52\" data-element_type=\"widget\" data-e-type=\"widget\" data-widget_type=\"heading.default\">\n\t\t\t\t\t<h2 class=\"elementor-heading-title elementor-size-default\">AURUM FINANCIAL GROUP ne proc\u00e8de pas \u00e0 une collecte massive de fonds aupr\u00e8s du public ni \u00e0 une offre publique de valeurs, et n\u2019op\u00e8re donc pas en tant qu\u2019institution de cr\u00e9dit ni en tant que fonds d\u2019investissement r\u00e9glement\u00e9. Tant que l\u2019activit\u00e9 reste conforme aux dispositions relatives aux offres priv\u00e9es pr\u00e9vues \u00e0 l\u2019article 8 de la Loi sur le march\u00e9 des valeurs mobili\u00e8res, aucune autorisation pr\u00e9alable de la Commission nationale bancaire et des valeurs mobili\u00e8res n\u2019est requise.\n\nFonds d\u2019investissement priv\u00e9 AURUM\nAURUM SOVEREIGN GROUP, S. DE R.L. DE C.V., est une soci\u00e9t\u00e9 constitu\u00e9e conform\u00e9ment \u00e0 la Loi g\u00e9n\u00e9rale des soci\u00e9t\u00e9s commerciales. Nos v\u00e9hicules sont structur\u00e9s en fonds d\u2019investissement priv\u00e9s et offres priv\u00e9es de titres, destin\u00e9s exclusivement aux investisseurs institutionnels et\/ou qualifi\u00e9s, via des contrats entre particuliers.<\/h2>\t\t\t\t<\/div>\n\t\t\t\t<div class=\"elementor-element elementor-element-9ac30b4 elementor-widget elementor-widget-heading\" data-id=\"9ac30b4\" data-element_type=\"widget\" data-e-type=\"widget\" data-widget_type=\"heading.default\">\n\t\t\t\t\t<h2 class=\"elementor-heading-title elementor-size-default\">Les informations de ce site sont exclusivement \u00e0 titre informatif, ne constituent pas une offre publique de valeurs mobili\u00e8res ni une recommandation d\u2019investissement, et les op\u00e9rations sont r\u00e9alis\u00e9es sans exercer d\u2019activit\u00e9s r\u00e9serv\u00e9es aux entit\u00e9s financi\u00e8res n\u00e9cessitant une autorisation de la CNBV, de la Banque du Mexique ou d\u2019autres autorit\u00e9s comp\u00e9tentes.\n\nFonds d\u2019investissement priv\u00e9 AURUM\nAURUM SOVEREIGN GROUP, S. DE R.L. DE C.V., est une soci\u00e9t\u00e9 constitu\u00e9e conform\u00e9ment \u00e0 la Loi g\u00e9n\u00e9rale des soci\u00e9t\u00e9s commerciales. Nos v\u00e9hicules sont structur\u00e9s en fonds d\u2019investissement priv\u00e9s et offres priv\u00e9es de titres, destin\u00e9s exclusivement aux investisseurs institutionnels et\/ou qualifi\u00e9s, via des contrats entre particuliers.<\/h2>\t\t\t\t<\/div>\n\t\t\t\t\t<\/div>\n\t\t<\/div>\n\t\t\t\t\t<\/div>\n\t\t<\/section>\n\t\t\t\t<section class=\"elementor-section elementor-inner-section elementor-element elementor-element-7ef5e4f0 elementor-section-boxed elementor-section-height-default elementor-section-height-default\" data-id=\"7ef5e4f0\" data-element_type=\"section\" data-e-type=\"section\">\n\t\t\t\t\t\t<div class=\"elementor-container elementor-column-gap-default\">\n\t\t\t\t\t<div class=\"elementor-column elementor-col-50 elementor-inner-column elementor-element elementor-element-6e3521df\" data-id=\"6e3521df\" data-element_type=\"column\" data-e-type=\"column\">\n\t\t\t<div class=\"elementor-widget-wrap\">\n\t\t\t\t\t\t\t<\/div>\n\t\t<\/div>\n\t\t\t\t<div class=\"elementor-column elementor-col-50 elementor-inner-column elementor-element elementor-element-45ae4183\" data-id=\"45ae4183\" data-element_type=\"column\" data-e-type=\"column\">\n\t\t\t<div class=\"elementor-widget-wrap elementor-element-populated\">\n\t\t\t\t\t\t<div class=\"elementor-element elementor-element-7b40f2c1 elementor-widget__width-initial elementor-widget elementor-widget-heading\" data-id=\"7b40f2c1\" data-element_type=\"widget\" data-e-type=\"widget\" data-widget_type=\"heading.default\">\n\t\t\t\t\t<h2 class=\"elementor-heading-title elementor-size-default\">Directoire AURUM GROUP<\/h2>\t\t\t\t<\/div>\n\t\t\t\t\t<\/div>\n\t\t<\/div>\n\t\t\t\t\t<\/div>\n\t\t<\/section>\n\t\t\t\t\t<\/div>\n\t\t<\/div>\n\t\t\t\t\t<\/div>\n\t\t<\/section>\n\t\t\t\t<\/div>","protected":false},"excerpt":{"rendered":"<p>AURUM FINANCIAL GROUP es una firma independiente especializada en estructuraci\u00f3n financiera, gesti\u00f3n de capital privado y financiamiento de proyectos, actuando como asesor y estructurador sin realizar actividades reservadas a instituciones financieras reguladas. Fondo de Inversi\u00f3n Privado AURUM AURUM SOVEREIGN GROUP, S. DE R.L. DE C.V., es una sociedad constituida conforme a [&hellip;]<\/p>\n","protected":false},"author":1,"featured_media":0,"parent":0,"menu_order":0,"comment_status":"closed","ping_status":"closed","template":"elementor_header_footer","meta":{"footnotes":""},"class_list":["post-2319","page","type-page","status-publish","hentry"],"yoast_head":"<!-- This site is optimized with the Yoast SEO Premium plugin v27.0 (Yoast SEO v27.3) - https:\/\/yoast.com\/product\/yoast-seo-premium-wordpress\/ -->\n<title>Aviso Regulatorio - Aurum<\/title>\n<meta name=\"robots\" content=\"index, follow, max-snippet:-1, max-image-preview:large, max-video-preview:-1\" \/>\n<link rel=\"canonical\" href=\"https:\/\/aurumgroup.com.mx\/fr\/aviso-regulatorio\/\" \/>\n<meta property=\"og:locale\" content=\"fr_FR\" \/>\n<meta property=\"og:type\" content=\"article\" \/>\n<meta property=\"og:title\" content=\"Aviso Regulatorio\" \/>\n<meta property=\"og:description\" content=\"AURUM FINANCIAL GROUP es una firma independiente especializada en estructuraci\u00f3n financiera, gesti\u00f3n de capital privado y financiamiento de proyectos, actuando como asesor y estructurador sin realizar actividades reservadas a instituciones financieras reguladas. Fondo de Inversi\u00f3n Privado AURUM AURUM SOVEREIGN GROUP, S. DE R.L. DE C.V., es una sociedad constituida conforme a [&hellip;]\" \/>\n<meta property=\"og:url\" content=\"https:\/\/aurumgroup.com.mx\/fr\/aviso-regulatorio\/\" \/>\n<meta property=\"og:site_name\" content=\"Aurum\" \/>\n<meta property=\"article:modified_time\" content=\"2025-12-18T16:09:11+00:00\" \/>\n<meta name=\"twitter:card\" content=\"summary_large_image\" \/>\n<meta name=\"twitter:label1\" content=\"Dur\u00e9e de lecture estim\u00e9e\" \/>\n\t<meta name=\"twitter:data1\" content=\"2 minutes\" \/>\n<script type=\"application\/ld+json\" class=\"yoast-schema-graph\">{\"@context\":\"https:\\\/\\\/schema.org\",\"@graph\":[{\"@type\":\"WebPage\",\"@id\":\"https:\\\/\\\/aurumgroup.com.mx\\\/aviso-regulatorio\\\/\",\"url\":\"https:\\\/\\\/aurumgroup.com.mx\\\/aviso-regulatorio\\\/\",\"name\":\"Aviso Regulatorio - Aurum\",\"isPartOf\":{\"@id\":\"https:\\\/\\\/aurumgroup.com.mx\\\/en\\\/#website\"},\"datePublished\":\"2025-12-18T16:03:57+00:00\",\"dateModified\":\"2025-12-18T16:09:11+00:00\",\"breadcrumb\":{\"@id\":\"https:\\\/\\\/aurumgroup.com.mx\\\/aviso-regulatorio\\\/#breadcrumb\"},\"inLanguage\":\"fr-FR\",\"potentialAction\":[{\"@type\":\"ReadAction\",\"target\":[\"https:\\\/\\\/aurumgroup.com.mx\\\/aviso-regulatorio\\\/\"]}]},{\"@type\":\"BreadcrumbList\",\"@id\":\"https:\\\/\\\/aurumgroup.com.mx\\\/aviso-regulatorio\\\/#breadcrumb\",\"itemListElement\":[{\"@type\":\"ListItem\",\"position\":1,\"name\":\"Home\",\"item\":\"https:\\\/\\\/aurumgroup.com.mx\\\/en\\\/\"},{\"@type\":\"ListItem\",\"position\":2,\"name\":\"Aviso Regulatorio\"}]},{\"@type\":\"WebSite\",\"@id\":\"https:\\\/\\\/aurumgroup.com.mx\\\/en\\\/#website\",\"url\":\"https:\\\/\\\/aurumgroup.com.mx\\\/en\\\/\",\"name\":\"Aurum\",\"description\":\"\",\"publisher\":{\"@id\":\"https:\\\/\\\/aurumgroup.com.mx\\\/en\\\/#organization\"},\"potentialAction\":[{\"@type\":\"SearchAction\",\"target\":{\"@type\":\"EntryPoint\",\"urlTemplate\":\"https:\\\/\\\/aurumgroup.com.mx\\\/en\\\/?s={search_term_string}\"},\"query-input\":{\"@type\":\"PropertyValueSpecification\",\"valueRequired\":true,\"valueName\":\"search_term_string\"}}],\"inLanguage\":\"fr-FR\"},{\"@type\":\"Organization\",\"@id\":\"https:\\\/\\\/aurumgroup.com.mx\\\/en\\\/#organization\",\"name\":\"Aurum\",\"url\":\"https:\\\/\\\/aurumgroup.com.mx\\\/en\\\/\",\"logo\":{\"@type\":\"ImageObject\",\"inLanguage\":\"fr-FR\",\"@id\":\"https:\\\/\\\/aurumgroup.com.mx\\\/en\\\/#\\\/schema\\\/logo\\\/image\\\/\",\"url\":\"https:\\\/\\\/aurumgroup.com.mx\\\/wp-content\\\/uploads\\\/2025\\\/12\\\/aurum_logo.png\",\"contentUrl\":\"https:\\\/\\\/aurumgroup.com.mx\\\/wp-content\\\/uploads\\\/2025\\\/12\\\/aurum_logo.png\",\"width\":1287,\"height\":322,\"caption\":\"Aurum\"},\"image\":{\"@id\":\"https:\\\/\\\/aurumgroup.com.mx\\\/en\\\/#\\\/schema\\\/logo\\\/image\\\/\"}}]}<\/script>\n<!-- \/ Yoast SEO Premium plugin. -->","yoast_head_json":{"title":"Aviso Regulatorio - Aurum","robots":{"index":"index","follow":"follow","max-snippet":"max-snippet:-1","max-image-preview":"max-image-preview:large","max-video-preview":"max-video-preview:-1"},"canonical":"https:\/\/aurumgroup.com.mx\/fr\/aviso-regulatorio\/","og_locale":"fr_FR","og_type":"article","og_title":"Aviso Regulatorio","og_description":"AURUM FINANCIAL GROUP es una firma independiente especializada en estructuraci\u00f3n financiera, gesti\u00f3n de capital privado y financiamiento de proyectos, actuando como asesor y estructurador sin realizar actividades reservadas a instituciones financieras reguladas. Fondo de Inversi\u00f3n Privado AURUM AURUM SOVEREIGN GROUP, S. DE R.L. DE C.V., es una sociedad constituida conforme a [&hellip;]","og_url":"https:\/\/aurumgroup.com.mx\/fr\/aviso-regulatorio\/","og_site_name":"Aurum","article_modified_time":"2025-12-18T16:09:11+00:00","twitter_card":"summary_large_image","twitter_misc":{"Dur\u00e9e de lecture estim\u00e9e":"2 minutes"},"schema":{"@context":"https:\/\/schema.org","@graph":[{"@type":"WebPage","@id":"https:\/\/aurumgroup.com.mx\/aviso-regulatorio\/","url":"https:\/\/aurumgroup.com.mx\/aviso-regulatorio\/","name":"Aviso Regulatorio - Aurum","isPartOf":{"@id":"https:\/\/aurumgroup.com.mx\/en\/#website"},"datePublished":"2025-12-18T16:03:57+00:00","dateModified":"2025-12-18T16:09:11+00:00","breadcrumb":{"@id":"https:\/\/aurumgroup.com.mx\/aviso-regulatorio\/#breadcrumb"},"inLanguage":"fr-FR","potentialAction":[{"@type":"ReadAction","target":["https:\/\/aurumgroup.com.mx\/aviso-regulatorio\/"]}]},{"@type":"BreadcrumbList","@id":"https:\/\/aurumgroup.com.mx\/aviso-regulatorio\/#breadcrumb","itemListElement":[{"@type":"ListItem","position":1,"name":"Home","item":"https:\/\/aurumgroup.com.mx\/en\/"},{"@type":"ListItem","position":2,"name":"Aviso Regulatorio"}]},{"@type":"WebSite","@id":"https:\/\/aurumgroup.com.mx\/en\/#website","url":"https:\/\/aurumgroup.com.mx\/en\/","name":"Aurum","description":"","publisher":{"@id":"https:\/\/aurumgroup.com.mx\/en\/#organization"},"potentialAction":[{"@type":"SearchAction","target":{"@type":"EntryPoint","urlTemplate":"https:\/\/aurumgroup.com.mx\/en\/?s={search_term_string}"},"query-input":{"@type":"PropertyValueSpecification","valueRequired":true,"valueName":"search_term_string"}}],"inLanguage":"fr-FR"},{"@type":"Organization","@id":"https:\/\/aurumgroup.com.mx\/en\/#organization","name":"Aurum","url":"https:\/\/aurumgroup.com.mx\/en\/","logo":{"@type":"ImageObject","inLanguage":"fr-FR","@id":"https:\/\/aurumgroup.com.mx\/en\/#\/schema\/logo\/image\/","url":"https:\/\/aurumgroup.com.mx\/wp-content\/uploads\/2025\/12\/aurum_logo.png","contentUrl":"https:\/\/aurumgroup.com.mx\/wp-content\/uploads\/2025\/12\/aurum_logo.png","width":1287,"height":322,"caption":"Aurum"},"image":{"@id":"https:\/\/aurumgroup.com.mx\/en\/#\/schema\/logo\/image\/"}}]}},"_hostinger_reach_plugin_has_subscription_block":false,"_hostinger_reach_plugin_is_elementor":false,"_links":{"self":[{"href":"https:\/\/aurumgroup.com.mx\/fr\/wp-json\/wp\/v2\/pages\/2319","targetHints":{"allow":["GET"]}}],"collection":[{"href":"https:\/\/aurumgroup.com.mx\/fr\/wp-json\/wp\/v2\/pages"}],"about":[{"href":"https:\/\/aurumgroup.com.mx\/fr\/wp-json\/wp\/v2\/types\/page"}],"author":[{"embeddable":true,"href":"https:\/\/aurumgroup.com.mx\/fr\/wp-json\/wp\/v2\/users\/1"}],"replies":[{"embeddable":true,"href":"https:\/\/aurumgroup.com.mx\/fr\/wp-json\/wp\/v2\/comments?post=2319"}],"version-history":[{"count":7,"href":"https:\/\/aurumgroup.com.mx\/fr\/wp-json\/wp\/v2\/pages\/2319\/revisions"}],"predecessor-version":[{"id":2326,"href":"https:\/\/aurumgroup.com.mx\/fr\/wp-json\/wp\/v2\/pages\/2319\/revisions\/2326"}],"wp:attachment":[{"href":"https:\/\/aurumgroup.com.mx\/fr\/wp-json\/wp\/v2\/media?parent=2319"}],"curies":[{"name":"wp","href":"https:\/\/api.w.org\/{rel}","templated":true}]}}