{"id":1175,"date":"2020-11-07T09:31:24","date_gmt":"2020-11-07T09:31:24","guid":{"rendered":"https:\/\/surielementor.com\/efinance\/?page_id=1175"},"modified":"2025-12-17T00:58:17","modified_gmt":"2025-12-17T00:58:17","slug":"sobre-nosotros","status":"publish","type":"page","link":"https:\/\/aurumgroup.com.mx\/en\/sobre-nosotros\/","title":{"rendered":"About us"},"content":{"rendered":"<div data-elementor-type=\"wp-page\" data-elementor-id=\"1175\" class=\"elementor elementor-1175\" data-elementor-post-type=\"page\">\n\t\t\t\t<div class=\"elementor-element elementor-element-c3a5e89 e-flex e-con-boxed e-con e-parent\" data-id=\"c3a5e89\" data-element_type=\"container\" data-e-type=\"container\">\n\t\t\t\t\t<div class=\"e-con-inner\">\n\t\t\t\t<div class=\"elementor-element elementor-element-abfc751 elementor-widget elementor-widget-image\" data-id=\"abfc751\" data-element_type=\"widget\" data-e-type=\"widget\" data-widget_type=\"image.default\">\n\t\t\t\t\t\t\t\t\t\t\t\t\t\t\t<img fetchpriority=\"high\" decoding=\"async\" width=\"1024\" height=\"576\" src=\"https:\/\/aurumgroup.com.mx\/wp-content\/uploads\/2025\/12\/448-1024x576.png\" class=\"attachment-large size-large wp-image-2199\" alt=\"\" srcset=\"https:\/\/aurumgroup.com.mx\/wp-content\/uploads\/2025\/12\/448-1024x576.png 1024w, https:\/\/aurumgroup.com.mx\/wp-content\/uploads\/2025\/12\/448-300x169.png 300w, https:\/\/aurumgroup.com.mx\/wp-content\/uploads\/2025\/12\/448-768x432.png 768w, https:\/\/aurumgroup.com.mx\/wp-content\/uploads\/2025\/12\/448-1536x864.png 1536w, https:\/\/aurumgroup.com.mx\/wp-content\/uploads\/2025\/12\/448-570x320.png 570w, https:\/\/aurumgroup.com.mx\/wp-content\/uploads\/2025\/12\/448.png 1920w\" sizes=\"(max-width: 1024px) 100vw, 1024px\" \/>\t\t\t\t\t\t\t\t\t\t\t\t\t\t\t<\/div>\n\t\t\t\t\t<\/div>\n\t\t\t\t<\/div>\n\t\t\t\t<section class=\"elementor-section elementor-top-section elementor-element elementor-element-369bac94 elementor-section-full_width elementor-section-height-default elementor-section-height-default\" data-id=\"369bac94\" data-element_type=\"section\" data-e-type=\"section\">\n\t\t\t\t\t\t<div class=\"elementor-container elementor-column-gap-default\">\n\t\t\t\t\t<div class=\"elementor-column elementor-col-100 elementor-top-column elementor-element elementor-element-49c354b9\" data-id=\"49c354b9\" data-element_type=\"column\" data-e-type=\"column\">\n\t\t\t<div class=\"elementor-widget-wrap elementor-element-populated\">\n\t\t\t\t\t\t<section class=\"elementor-section elementor-inner-section elementor-element elementor-element-11566770 elementor-section-boxed elementor-section-height-default elementor-section-height-default\" data-id=\"11566770\" data-element_type=\"section\" data-e-type=\"section\">\n\t\t\t\t\t\t<div class=\"elementor-container elementor-column-gap-default\">\n\t\t\t\t\t<div class=\"elementor-column elementor-col-100 elementor-inner-column elementor-element elementor-element-a443807\" data-id=\"a443807\" data-element_type=\"column\" data-e-type=\"column\">\n\t\t\t<div class=\"elementor-widget-wrap\">\n\t\t\t\t\t\t\t<\/div>\n\t\t<\/div>\n\t\t\t\t\t<\/div>\n\t\t<\/section>\n\t\t\t\t<section class=\"elementor-section elementor-inner-section elementor-element elementor-element-7b07609e elementor-section-boxed elementor-section-height-default elementor-section-height-default\" data-id=\"7b07609e\" data-element_type=\"section\" data-e-type=\"section\">\n\t\t\t\t\t\t<div class=\"elementor-container elementor-column-gap-default\">\n\t\t\t\t\t<div class=\"elementor-column elementor-col-100 elementor-inner-column elementor-element elementor-element-1b833fa4\" data-id=\"1b833fa4\" data-element_type=\"column\" data-e-type=\"column\">\n\t\t\t<div class=\"elementor-widget-wrap elementor-element-populated\">\n\t\t\t\t\t\t<div class=\"elementor-element elementor-element-5ee6e01 elementor-widget-divider--view-line elementor-widget elementor-widget-divider\" data-id=\"5ee6e01\" data-element_type=\"widget\" data-e-type=\"widget\" data-widget_type=\"divider.default\">\n\t\t\t\t\t\t\t<div class=\"elementor-divider\">\n\t\t\t<span class=\"elementor-divider-separator\">\n\t\t\t\t\t\t<\/span>\n\t\t<\/div>\n\t\t\t\t\t\t<\/div>\n\t\t\t\t<div class=\"elementor-element elementor-element-77648bdb elementor-widget elementor-widget-heading\" data-id=\"77648bdb\" data-element_type=\"widget\" data-e-type=\"widget\" data-widget_type=\"heading.default\">\n\t\t\t\t\t<h2 class=\"elementor-heading-title elementor-size-default\">AURUM FINANCIAL GROUP is an independent firm specializing in financial structuring, private capital management, and project financing, acting as an advisor and structurer without performing activities reserved for regulated financial institutions. AURUM Private Investment Fund designs and manages private funds exclusively for institutional and qualified investors, focused on strategic projects with real economic impact.<\/h2>\t\t\t\t<\/div>\n\t\t\t\t\t<\/div>\n\t\t<\/div>\n\t\t\t\t\t<\/div>\n\t\t<\/section>\n\t\t\t\t<section class=\"elementor-section elementor-inner-section elementor-element elementor-element-7ef5e4f0 elementor-section-boxed elementor-section-height-default elementor-section-height-default\" data-id=\"7ef5e4f0\" data-element_type=\"section\" data-e-type=\"section\">\n\t\t\t\t\t\t<div class=\"elementor-container elementor-column-gap-default\">\n\t\t\t\t\t<div class=\"elementor-column elementor-col-50 elementor-inner-column elementor-element elementor-element-45ae4183\" data-id=\"45ae4183\" data-element_type=\"column\" data-e-type=\"column\">\n\t\t\t<div class=\"elementor-widget-wrap elementor-element-populated\">\n\t\t\t\t\t\t<div class=\"elementor-element elementor-element-7b40f2c1 elementor-widget elementor-widget-heading\" data-id=\"7b40f2c1\" data-element_type=\"widget\" data-e-type=\"widget\" data-widget_type=\"heading.default\">\n\t\t\t\t\t<h2 class=\"elementor-heading-title elementor-size-default\">MISSION<\/h2>\t\t\t\t<\/div>\n\t\t\t\t\t<\/div>\n\t\t<\/div>\n\t\t\t\t<div class=\"elementor-column elementor-col-50 elementor-inner-column elementor-element elementor-element-6e3521df\" data-id=\"6e3521df\" data-element_type=\"column\" data-e-type=\"column\">\n\t\t\t<div class=\"elementor-widget-wrap\">\n\t\t\t\t\t\t\t<\/div>\n\t\t<\/div>\n\t\t\t\t\t<\/div>\n\t\t<\/section>\n\t\t\t\t<section class=\"elementor-section elementor-inner-section elementor-element elementor-element-638bc67c elementor-section-boxed elementor-section-height-default elementor-section-height-default\" data-id=\"638bc67c\" data-element_type=\"section\" data-e-type=\"section\">\n\t\t\t\t\t\t<div class=\"elementor-container elementor-column-gap-default\">\n\t\t\t\t\t<div class=\"elementor-column elementor-col-50 elementor-inner-column elementor-element elementor-element-9221db4\" data-id=\"9221db4\" data-element_type=\"column\" data-e-type=\"column\">\n\t\t\t<div class=\"elementor-widget-wrap\">\n\t\t\t\t\t\t\t<\/div>\n\t\t<\/div>\n\t\t\t\t<div class=\"elementor-column elementor-col-50 elementor-inner-column elementor-element elementor-element-2008a6e3\" data-id=\"2008a6e3\" data-element_type=\"column\" data-e-type=\"column\">\n\t\t\t<div class=\"elementor-widget-wrap elementor-element-populated\">\n\t\t\t\t\t\t<div class=\"elementor-element elementor-element-a9a883b elementor-widget elementor-widget-heading\" data-id=\"a9a883b\" data-element_type=\"widget\" data-e-type=\"widget\" data-widget_type=\"heading.default\">\n\t\t\t\t\t<h2 class=\"elementor-heading-title elementor-size-default\">Connect national and international private capital with solid projects from companies, governments, clinics, universities, and social organizations through the structuring and intermediation of tailored financial solutions, in strict compliance with the Mexican legal framework and without engaging in activities reserved for regulated financial entities.<\/h2>\t\t\t\t<\/div>\n\t\t\t\t\t<\/div>\n\t\t<\/div>\n\t\t\t\t\t<\/div>\n\t\t<\/section>\n\t\t\t\t<section class=\"elementor-section elementor-inner-section elementor-element elementor-element-55845626 elementor-section-boxed elementor-section-height-default elementor-section-height-default\" data-id=\"55845626\" data-element_type=\"section\" data-e-type=\"section\">\n\t\t\t\t\t\t<div class=\"elementor-container elementor-column-gap-default\">\n\t\t\t\t\t<div class=\"elementor-column elementor-col-50 elementor-inner-column elementor-element elementor-element-3af020c4\" data-id=\"3af020c4\" data-element_type=\"column\" data-e-type=\"column\">\n\t\t\t<div class=\"elementor-widget-wrap elementor-element-populated\">\n\t\t\t\t\t\t<div class=\"elementor-element elementor-element-17a1b1bf elementor-widget elementor-widget-heading\" data-id=\"17a1b1bf\" data-element_type=\"widget\" data-e-type=\"widget\" data-widget_type=\"heading.default\">\n\t\t\t\t\t<h2 class=\"elementor-heading-title elementor-size-default\">VISION<\/h2>\t\t\t\t<\/div>\n\t\t\t\t\t<\/div>\n\t\t<\/div>\n\t\t\t\t<div class=\"elementor-column elementor-col-50 elementor-inner-column elementor-element elementor-element-6f6efa5d\" data-id=\"6f6efa5d\" data-element_type=\"column\" data-e-type=\"column\">\n\t\t\t<div class=\"elementor-widget-wrap\">\n\t\t\t\t\t\t\t<\/div>\n\t\t<\/div>\n\t\t\t\t\t<\/div>\n\t\t<\/section>\n\t\t\t\t<section class=\"elementor-section elementor-inner-section elementor-element elementor-element-3a506470 elementor-section-boxed elementor-section-height-default elementor-section-height-default\" data-id=\"3a506470\" data-element_type=\"section\" data-e-type=\"section\">\n\t\t\t\t\t\t<div class=\"elementor-container elementor-column-gap-default\">\n\t\t\t\t\t<div class=\"elementor-column elementor-col-50 elementor-inner-column elementor-element elementor-element-50aa177f\" data-id=\"50aa177f\" data-element_type=\"column\" data-e-type=\"column\">\n\t\t\t<div class=\"elementor-widget-wrap\">\n\t\t\t\t\t\t\t<\/div>\n\t\t<\/div>\n\t\t\t\t<div class=\"elementor-column elementor-col-50 elementor-inner-column elementor-element elementor-element-7489c017\" data-id=\"7489c017\" data-element_type=\"column\" data-e-type=\"column\">\n\t\t\t<div class=\"elementor-widget-wrap elementor-element-populated\">\n\t\t\t\t\t\t<div class=\"elementor-element elementor-element-6102fc98 elementor-widget elementor-widget-heading\" data-id=\"6102fc98\" data-element_type=\"widget\" data-e-type=\"widget\" data-widget_type=\"heading.default\">\n\t\t\t\t\t<h2 class=\"elementor-heading-title elementor-size-default\">To be the leading Mexican firm in Latin America in financing and private capital management, recognized for its ability to attract resources from banks, funds, multilateral organizations, and family offices; for its technical rigor in financial structuring; and for its positive impact on the real economy.<\/h2>\t\t\t\t<\/div>\n\t\t\t\t\t<\/div>\n\t\t<\/div>\n\t\t\t\t\t<\/div>\n\t\t<\/section>\n\t\t\t\t<section class=\"elementor-section elementor-inner-section elementor-element elementor-element-2d9f9b54 elementor-section-boxed elementor-section-height-default elementor-section-height-default\" data-id=\"2d9f9b54\" data-element_type=\"section\" data-e-type=\"section\">\n\t\t\t\t\t\t<div class=\"elementor-container elementor-column-gap-default\">\n\t\t\t\t\t<div class=\"elementor-column elementor-col-50 elementor-inner-column elementor-element elementor-element-56979675\" data-id=\"56979675\" data-element_type=\"column\" data-e-type=\"column\">\n\t\t\t<div class=\"elementor-widget-wrap elementor-element-populated\">\n\t\t\t\t\t\t<div class=\"elementor-element elementor-element-27a56896 elementor-widget elementor-widget-heading\" data-id=\"27a56896\" data-element_type=\"widget\" data-e-type=\"widget\" data-widget_type=\"heading.default\">\n\t\t\t\t\t<h2 class=\"elementor-heading-title elementor-size-default\">EXTRA-STRATEGIC OBJECTIVE<\/h2>\t\t\t\t<\/div>\n\t\t\t\t\t<\/div>\n\t\t<\/div>\n\t\t\t\t<div class=\"elementor-column elementor-col-50 elementor-inner-column elementor-element elementor-element-572a6088\" data-id=\"572a6088\" data-element_type=\"column\" data-e-type=\"column\">\n\t\t\t<div class=\"elementor-widget-wrap\">\n\t\t\t\t\t\t\t<\/div>\n\t\t<\/div>\n\t\t\t\t\t<\/div>\n\t\t<\/section>\n\t\t\t\t<section class=\"elementor-section elementor-inner-section elementor-element elementor-element-62e1f31a elementor-section-boxed elementor-section-height-default elementor-section-height-default\" data-id=\"62e1f31a\" data-element_type=\"section\" data-e-type=\"section\">\n\t\t\t\t\t\t<div class=\"elementor-container elementor-column-gap-default\">\n\t\t\t\t\t<div class=\"elementor-column elementor-col-50 elementor-inner-column elementor-element elementor-element-5b20c30d\" data-id=\"5b20c30d\" data-element_type=\"column\" data-e-type=\"column\">\n\t\t\t<div class=\"elementor-widget-wrap\">\n\t\t\t\t\t\t\t<\/div>\n\t\t<\/div>\n\t\t\t\t<div class=\"elementor-column elementor-col-50 elementor-inner-column elementor-element elementor-element-52f43321\" data-id=\"52f43321\" data-element_type=\"column\" data-e-type=\"column\">\n\t\t\t<div class=\"elementor-widget-wrap elementor-element-populated\">\n\t\t\t\t\t\t<div class=\"elementor-element elementor-element-7fd96d2 elementor-widget elementor-widget-heading\" data-id=\"7fd96d2\" data-element_type=\"widget\" data-e-type=\"widget\" data-widget_type=\"heading.default\">\n\t\t\t\t\t<h2 class=\"elementor-heading-title elementor-size-default\">Build a comprehensive investment and financial structuring platform that allows:<\/h2>\t\t\t\t<\/div>\n\t\t\t\t<div class=\"elementor-element elementor-element-a776f5c elementor-icon-list--layout-traditional elementor-list-item-link-full_width elementor-widget elementor-widget-icon-list\" data-id=\"a776f5c\" data-element_type=\"widget\" data-e-type=\"widget\" data-widget_type=\"icon-list.default\">\n\t\t\t\t\t\t\t<ul class=\"elementor-icon-list-items\">\n\t\t\t\t\t\t\t<li class=\"elementor-icon-list-item\">\n\t\t\t\t\t\t\t\t\t\t\t<span class=\"elementor-icon-list-icon\">\n\t\t\t\t\t\t\t<svg aria-hidden=\"true\" class=\"e-font-icon-svg e-fas-check\" viewbox=\"0 0 512 512\" xmlns=\"http:\/\/www.w3.org\/2000\/svg\"><path d=\"M173.898 439.404l-166.4-166.4c-9.997-9.997-9.997-26.206 0-36.204l36.203-36.204c9.997-9.998 26.207-9.998 36.204 0L192 312.69 432.095 72.596c9.997-9.997 26.207-9.997 36.204 0l36.203 36.204c9.997 9.997 9.997 26.206 0 36.204l-294.4 294.401c-9.998 9.997-26.207 9.997-36.204-.001z\"><\/path><\/svg>\t\t\t\t\t\t<\/span>\n\t\t\t\t\t\t\t\t\t\t<span class=\"elementor-icon-list-text\">Channel private capital, debt, and structured financing toward viable projects.<\/span>\n\t\t\t\t\t\t\t\t\t<\/li>\n\t\t\t\t\t\t\t\t<li class=\"elementor-icon-list-item\">\n\t\t\t\t\t\t\t\t\t\t\t<span class=\"elementor-icon-list-icon\">\n\t\t\t\t\t\t\t<i aria-hidden=\"true\" class=\"ion-checkmark\"><\/i>\t\t\t\t\t\t<\/span>\n\t\t\t\t\t\t\t\t\t\t<span class=\"elementor-icon-list-text\">Support companies, governments, clinics, universities, and social organizations throughout the entire project cycle.<\/span>\n\t\t\t\t\t\t\t\t\t<\/li>\n\t\t\t\t\t\t\t\t<li class=\"elementor-icon-list-item\">\n\t\t\t\t\t\t\t\t\t\t\t<span class=\"elementor-icon-list-icon\">\n\t\t\t\t\t\t\t<i aria-hidden=\"true\" class=\"ion-checkmark\"><\/i>\t\t\t\t\t\t<\/span>\n\t\t\t\t\t\t\t\t\t\t<span class=\"elementor-icon-list-text\">Provide sophisticated, clear, and transparent solutions for investors and developers.<\/span>\n\t\t\t\t\t\t\t\t\t<\/li>\n\t\t\t\t\t\t<\/ul>\n\t\t\t\t\t\t<\/div>\n\t\t\t\t\t<\/div>\n\t\t<\/div>\n\t\t\t\t\t<\/div>\n\t\t<\/section>\n\t\t\t\t\t<\/div>\n\t\t<\/div>\n\t\t\t\t\t<\/div>\n\t\t<\/section>\n\t\t\t\t<\/div>","protected":false},"excerpt":{"rendered":"<p>AURUM FINANCIAL GROUP es una firma independiente especializada en estructuraci\u00f3n financiera, gesti\u00f3n de capital privado y financiamiento de proyectos, actuando como asesor y estructurador sin realizar actividades reservadas a instituciones financieras reguladas. Fondo de Inversi\u00f3n Privado AURUM Dise\u00f1o y gesti\u00f3n de fondos privados dirigidos exclusivamente a inversionistas institucionales y calificados, orientados [&hellip;]<\/p>\n","protected":false},"author":1,"featured_media":0,"parent":0,"menu_order":0,"comment_status":"closed","ping_status":"closed","template":"elementor_header_footer","meta":{"footnotes":""},"class_list":["post-1175","page","type-page","status-publish","hentry"],"yoast_head":"<!-- This site is optimized with the Yoast SEO Premium plugin v27.0 (Yoast SEO v27.3) - https:\/\/yoast.com\/product\/yoast-seo-premium-wordpress\/ -->\n<title>Sobre Nosotros - Aurum<\/title>\n<meta name=\"robots\" content=\"index, follow, max-snippet:-1, max-image-preview:large, max-video-preview:-1\" \/>\n<link rel=\"canonical\" href=\"https:\/\/aurumgroup.com.mx\/en\/sobre-nosotros\/\" \/>\n<meta property=\"og:locale\" content=\"en_US\" \/>\n<meta property=\"og:type\" content=\"article\" \/>\n<meta property=\"og:title\" content=\"Sobre Nosotros\" \/>\n<meta property=\"og:description\" content=\"AURUM FINANCIAL GROUP es una firma independiente especializada en estructuraci\u00f3n financiera, gesti\u00f3n de capital privado y financiamiento de proyectos, actuando como asesor y estructurador sin realizar actividades reservadas a instituciones financieras reguladas. Fondo de Inversi\u00f3n Privado AURUM Dise\u00f1o y gesti\u00f3n de fondos privados dirigidos exclusivamente a inversionistas institucionales y calificados, orientados [&hellip;]\" \/>\n<meta property=\"og:url\" content=\"https:\/\/aurumgroup.com.mx\/en\/sobre-nosotros\/\" \/>\n<meta property=\"og:site_name\" content=\"Aurum\" \/>\n<meta property=\"article:modified_time\" content=\"2025-12-17T00:58:17+00:00\" \/>\n<meta property=\"og:image\" content=\"https:\/\/aurumgroup.com.mx\/wp-content\/uploads\/2025\/12\/448.png\" \/>\n\t<meta property=\"og:image:width\" content=\"1920\" \/>\n\t<meta property=\"og:image:height\" content=\"1080\" \/>\n\t<meta property=\"og:image:type\" content=\"image\/png\" \/>\n<meta name=\"twitter:card\" content=\"summary_large_image\" \/>\n<meta name=\"twitter:label1\" content=\"Est. reading time\" \/>\n\t<meta name=\"twitter:data1\" content=\"1 minute\" \/>\n<script type=\"application\/ld+json\" class=\"yoast-schema-graph\">{\"@context\":\"https:\\\/\\\/schema.org\",\"@graph\":[{\"@type\":\"WebPage\",\"@id\":\"https:\\\/\\\/aurumgroup.com.mx\\\/sobre-nosotros\\\/\",\"url\":\"https:\\\/\\\/aurumgroup.com.mx\\\/sobre-nosotros\\\/\",\"name\":\"Sobre Nosotros - Aurum\",\"isPartOf\":{\"@id\":\"https:\\\/\\\/aurumgroup.com.mx\\\/en\\\/#website\"},\"primaryImageOfPage\":{\"@id\":\"https:\\\/\\\/aurumgroup.com.mx\\\/sobre-nosotros\\\/#primaryimage\"},\"image\":{\"@id\":\"https:\\\/\\\/aurumgroup.com.mx\\\/sobre-nosotros\\\/#primaryimage\"},\"thumbnailUrl\":\"https:\\\/\\\/aurumgroup.com.mx\\\/wp-content\\\/uploads\\\/2025\\\/12\\\/448-1024x576.png\",\"datePublished\":\"2020-11-07T09:31:24+00:00\",\"dateModified\":\"2025-12-17T00:58:17+00:00\",\"breadcrumb\":{\"@id\":\"https:\\\/\\\/aurumgroup.com.mx\\\/sobre-nosotros\\\/#breadcrumb\"},\"inLanguage\":\"en-US\",\"potentialAction\":[{\"@type\":\"ReadAction\",\"target\":[\"https:\\\/\\\/aurumgroup.com.mx\\\/sobre-nosotros\\\/\"]}]},{\"@type\":\"ImageObject\",\"inLanguage\":\"en-US\",\"@id\":\"https:\\\/\\\/aurumgroup.com.mx\\\/sobre-nosotros\\\/#primaryimage\",\"url\":\"https:\\\/\\\/aurumgroup.com.mx\\\/wp-content\\\/uploads\\\/2025\\\/12\\\/448-1024x576.png\",\"contentUrl\":\"https:\\\/\\\/aurumgroup.com.mx\\\/wp-content\\\/uploads\\\/2025\\\/12\\\/448-1024x576.png\"},{\"@type\":\"BreadcrumbList\",\"@id\":\"https:\\\/\\\/aurumgroup.com.mx\\\/sobre-nosotros\\\/#breadcrumb\",\"itemListElement\":[{\"@type\":\"ListItem\",\"position\":1,\"name\":\"Home\",\"item\":\"https:\\\/\\\/aurumgroup.com.mx\\\/en\\\/\"},{\"@type\":\"ListItem\",\"position\":2,\"name\":\"Sobre Nosotros\"}]},{\"@type\":\"WebSite\",\"@id\":\"https:\\\/\\\/aurumgroup.com.mx\\\/en\\\/#website\",\"url\":\"https:\\\/\\\/aurumgroup.com.mx\\\/en\\\/\",\"name\":\"Aurum\",\"description\":\"\",\"publisher\":{\"@id\":\"https:\\\/\\\/aurumgroup.com.mx\\\/en\\\/#organization\"},\"potentialAction\":[{\"@type\":\"SearchAction\",\"target\":{\"@type\":\"EntryPoint\",\"urlTemplate\":\"https:\\\/\\\/aurumgroup.com.mx\\\/en\\\/?s={search_term_string}\"},\"query-input\":{\"@type\":\"PropertyValueSpecification\",\"valueRequired\":true,\"valueName\":\"search_term_string\"}}],\"inLanguage\":\"en-US\"},{\"@type\":\"Organization\",\"@id\":\"https:\\\/\\\/aurumgroup.com.mx\\\/en\\\/#organization\",\"name\":\"Aurum\",\"url\":\"https:\\\/\\\/aurumgroup.com.mx\\\/en\\\/\",\"logo\":{\"@type\":\"ImageObject\",\"inLanguage\":\"en-US\",\"@id\":\"https:\\\/\\\/aurumgroup.com.mx\\\/en\\\/#\\\/schema\\\/logo\\\/image\\\/\",\"url\":\"https:\\\/\\\/aurumgroup.com.mx\\\/wp-content\\\/uploads\\\/2025\\\/12\\\/aurum_logo.png\",\"contentUrl\":\"https:\\\/\\\/aurumgroup.com.mx\\\/wp-content\\\/uploads\\\/2025\\\/12\\\/aurum_logo.png\",\"width\":1287,\"height\":322,\"caption\":\"Aurum\"},\"image\":{\"@id\":\"https:\\\/\\\/aurumgroup.com.mx\\\/en\\\/#\\\/schema\\\/logo\\\/image\\\/\"}}]}<\/script>\n<!-- \/ Yoast SEO Premium plugin. -->","yoast_head_json":{"title":"Sobre Nosotros - Aurum","robots":{"index":"index","follow":"follow","max-snippet":"max-snippet:-1","max-image-preview":"max-image-preview:large","max-video-preview":"max-video-preview:-1"},"canonical":"https:\/\/aurumgroup.com.mx\/en\/sobre-nosotros\/","og_locale":"en_US","og_type":"article","og_title":"Sobre Nosotros","og_description":"AURUM FINANCIAL GROUP es una firma independiente especializada en estructuraci\u00f3n financiera, gesti\u00f3n de capital privado y financiamiento de proyectos, actuando como asesor y estructurador sin realizar actividades reservadas a instituciones financieras reguladas. Fondo de Inversi\u00f3n Privado AURUM Dise\u00f1o y gesti\u00f3n de fondos privados dirigidos exclusivamente a inversionistas institucionales y calificados, orientados [&hellip;]","og_url":"https:\/\/aurumgroup.com.mx\/en\/sobre-nosotros\/","og_site_name":"Aurum","article_modified_time":"2025-12-17T00:58:17+00:00","og_image":[{"width":1920,"height":1080,"url":"https:\/\/aurumgroup.com.mx\/wp-content\/uploads\/2025\/12\/448.png","type":"image\/png"}],"twitter_card":"summary_large_image","twitter_misc":{"Est. reading time":"1 minute"},"schema":{"@context":"https:\/\/schema.org","@graph":[{"@type":"WebPage","@id":"https:\/\/aurumgroup.com.mx\/sobre-nosotros\/","url":"https:\/\/aurumgroup.com.mx\/sobre-nosotros\/","name":"Sobre Nosotros - Aurum","isPartOf":{"@id":"https:\/\/aurumgroup.com.mx\/en\/#website"},"primaryImageOfPage":{"@id":"https:\/\/aurumgroup.com.mx\/sobre-nosotros\/#primaryimage"},"image":{"@id":"https:\/\/aurumgroup.com.mx\/sobre-nosotros\/#primaryimage"},"thumbnailUrl":"https:\/\/aurumgroup.com.mx\/wp-content\/uploads\/2025\/12\/448-1024x576.png","datePublished":"2020-11-07T09:31:24+00:00","dateModified":"2025-12-17T00:58:17+00:00","breadcrumb":{"@id":"https:\/\/aurumgroup.com.mx\/sobre-nosotros\/#breadcrumb"},"inLanguage":"en-US","potentialAction":[{"@type":"ReadAction","target":["https:\/\/aurumgroup.com.mx\/sobre-nosotros\/"]}]},{"@type":"ImageObject","inLanguage":"en-US","@id":"https:\/\/aurumgroup.com.mx\/sobre-nosotros\/#primaryimage","url":"https:\/\/aurumgroup.com.mx\/wp-content\/uploads\/2025\/12\/448-1024x576.png","contentUrl":"https:\/\/aurumgroup.com.mx\/wp-content\/uploads\/2025\/12\/448-1024x576.png"},{"@type":"BreadcrumbList","@id":"https:\/\/aurumgroup.com.mx\/sobre-nosotros\/#breadcrumb","itemListElement":[{"@type":"ListItem","position":1,"name":"Home","item":"https:\/\/aurumgroup.com.mx\/en\/"},{"@type":"ListItem","position":2,"name":"Sobre Nosotros"}]},{"@type":"WebSite","@id":"https:\/\/aurumgroup.com.mx\/en\/#website","url":"https:\/\/aurumgroup.com.mx\/en\/","name":"Aurum","description":"","publisher":{"@id":"https:\/\/aurumgroup.com.mx\/en\/#organization"},"potentialAction":[{"@type":"SearchAction","target":{"@type":"EntryPoint","urlTemplate":"https:\/\/aurumgroup.com.mx\/en\/?s={search_term_string}"},"query-input":{"@type":"PropertyValueSpecification","valueRequired":true,"valueName":"search_term_string"}}],"inLanguage":"en-US"},{"@type":"Organization","@id":"https:\/\/aurumgroup.com.mx\/en\/#organization","name":"Aurum","url":"https:\/\/aurumgroup.com.mx\/en\/","logo":{"@type":"ImageObject","inLanguage":"en-US","@id":"https:\/\/aurumgroup.com.mx\/en\/#\/schema\/logo\/image\/","url":"https:\/\/aurumgroup.com.mx\/wp-content\/uploads\/2025\/12\/aurum_logo.png","contentUrl":"https:\/\/aurumgroup.com.mx\/wp-content\/uploads\/2025\/12\/aurum_logo.png","width":1287,"height":322,"caption":"Aurum"},"image":{"@id":"https:\/\/aurumgroup.com.mx\/en\/#\/schema\/logo\/image\/"}}]}},"_hostinger_reach_plugin_has_subscription_block":false,"_hostinger_reach_plugin_is_elementor":false,"_links":{"self":[{"href":"https:\/\/aurumgroup.com.mx\/en\/wp-json\/wp\/v2\/pages\/1175","targetHints":{"allow":["GET"]}}],"collection":[{"href":"https:\/\/aurumgroup.com.mx\/en\/wp-json\/wp\/v2\/pages"}],"about":[{"href":"https:\/\/aurumgroup.com.mx\/en\/wp-json\/wp\/v2\/types\/page"}],"author":[{"embeddable":true,"href":"https:\/\/aurumgroup.com.mx\/en\/wp-json\/wp\/v2\/users\/1"}],"replies":[{"embeddable":true,"href":"https:\/\/aurumgroup.com.mx\/en\/wp-json\/wp\/v2\/comments?post=1175"}],"version-history":[{"count":21,"href":"https:\/\/aurumgroup.com.mx\/en\/wp-json\/wp\/v2\/pages\/1175\/revisions"}],"predecessor-version":[{"id":2265,"href":"https:\/\/aurumgroup.com.mx\/en\/wp-json\/wp\/v2\/pages\/1175\/revisions\/2265"}],"wp:attachment":[{"href":"https:\/\/aurumgroup.com.mx\/en\/wp-json\/wp\/v2\/media?parent=1175"}],"curies":[{"name":"wp","href":"https:\/\/api.w.org\/{rel}","templated":true}]}}