{"id":1163,"date":"2020-11-07T09:28:26","date_gmt":"2020-11-07T09:28:26","guid":{"rendered":"https:\/\/surielementor.com\/efinance\/?page_id=1163"},"modified":"2026-03-14T02:59:21","modified_gmt":"2026-03-14T02:59:21","slug":"nuestro-equipo","status":"publish","type":"page","link":"https:\/\/aurumgroup.com.mx\/en\/nuestro-equipo\/","title":{"rendered":"Our team"},"content":{"rendered":"<div data-elementor-type=\"wp-page\" data-elementor-id=\"1163\" class=\"elementor elementor-1163\" data-elementor-post-type=\"page\">\n\t\t\t\t\t\t<section class=\"elementor-section elementor-top-section elementor-element elementor-element-17fd2eaa elementor-section-boxed elementor-section-height-default elementor-section-height-default\" data-id=\"17fd2eaa\" data-element_type=\"section\" data-e-type=\"section\">\n\t\t\t\t\t\t<div class=\"elementor-container elementor-column-gap-default\">\n\t\t\t\t\t<div class=\"elementor-column elementor-col-100 elementor-top-column elementor-element elementor-element-4db0081d\" data-id=\"4db0081d\" data-element_type=\"column\" data-e-type=\"column\">\n\t\t\t<div class=\"elementor-widget-wrap elementor-element-populated\">\n\t\t\t\t\t\t<section class=\"elementor-section elementor-inner-section elementor-element elementor-element-1315ff0d elementor-section-boxed elementor-section-height-default elementor-section-height-default\" data-id=\"1315ff0d\" data-element_type=\"section\" data-e-type=\"section\">\n\t\t\t\t\t\t<div class=\"elementor-container elementor-column-gap-default\">\n\t\t\t\t\t<div class=\"elementor-column elementor-col-100 elementor-inner-column elementor-element elementor-element-4466babb\" data-id=\"4466babb\" data-element_type=\"column\" data-e-type=\"column\">\n\t\t\t<div class=\"elementor-widget-wrap elementor-element-populated\">\n\t\t\t\t\t\t<div class=\"elementor-element elementor-element-56c7fb24 elementor-widget elementor-widget-heading\" data-id=\"56c7fb24\" data-element_type=\"widget\" data-e-type=\"widget\" data-widget_type=\"heading.default\">\n\t\t\t\t\t<h2 class=\"elementor-heading-title elementor-size-default\">COMPANY PROFILE - Our Team<\/h2>\t\t\t\t<\/div>\n\t\t\t\t<div class=\"elementor-element elementor-element-78a60114 elementor-widget-divider--view-line elementor-widget elementor-widget-divider\" data-id=\"78a60114\" data-element_type=\"widget\" data-e-type=\"widget\" data-widget_type=\"divider.default\">\n\t\t\t\t\t\t\t<div class=\"elementor-divider\">\n\t\t\t<span class=\"elementor-divider-separator\">\n\t\t\t\t\t\t<\/span>\n\t\t<\/div>\n\t\t\t\t\t\t<\/div>\n\t\t\t\t<div class=\"elementor-element elementor-element-7b14ce94 elementor-widget elementor-widget-heading\" data-id=\"7b14ce94\" data-element_type=\"widget\" data-e-type=\"widget\" data-widget_type=\"heading.default\">\n\t\t\t\t\t<h2 class=\"elementor-heading-title elementor-size-default\">The financial advisors at AURUM FINANCIAL GROUP form a multidisciplinary network of professionals with extensive experience in finance, project structuring, investment, financial analysis, and strategic consulting.\n\n<\/h2>\t\t\t\t<\/div>\n\t\t\t\t\t<\/div>\n\t\t<\/div>\n\t\t\t\t\t<\/div>\n\t\t<\/section>\n\t\t\t\t<section class=\"elementor-section elementor-inner-section elementor-element elementor-element-4aee4d5b elementor-section-boxed elementor-section-height-default elementor-section-height-default\" data-id=\"4aee4d5b\" data-element_type=\"section\" data-e-type=\"section\">\n\t\t\t\t\t\t<div class=\"elementor-container elementor-column-gap-default\">\n\t\t\t\t\t<div class=\"elementor-column elementor-col-33 elementor-inner-column elementor-element elementor-element-5537107e\" data-id=\"5537107e\" data-element_type=\"column\" data-e-type=\"column\">\n\t\t\t<div class=\"elementor-widget-wrap elementor-element-populated\">\n\t\t\t\t\t\t<div class=\"elementor-element elementor-element-3199350c elementor-widget elementor-widget-image\" data-id=\"3199350c\" data-element_type=\"widget\" data-e-type=\"widget\" data-widget_type=\"image.default\">\n\t\t\t\t\t\t\t\t\t\t\t\t\t\t\t<img fetchpriority=\"high\" decoding=\"async\" width=\"540\" height=\"540\" src=\"https:\/\/aurumgroup.com.mx\/wp-content\/uploads\/2026\/01\/Nahim-Salgado-Diaz-100.jpg\" class=\"attachment-full size-full wp-image-2678\" alt=\"\" srcset=\"https:\/\/aurumgroup.com.mx\/wp-content\/uploads\/2026\/01\/Nahim-Salgado-Diaz-100.jpg 540w, https:\/\/aurumgroup.com.mx\/wp-content\/uploads\/2026\/01\/Nahim-Salgado-Diaz-100-300x300.jpg 300w, https:\/\/aurumgroup.com.mx\/wp-content\/uploads\/2026\/01\/Nahim-Salgado-Diaz-100-150x150.jpg 150w, https:\/\/aurumgroup.com.mx\/wp-content\/uploads\/2026\/01\/Nahim-Salgado-Diaz-100-12x12.jpg 12w\" sizes=\"(max-width: 540px) 100vw, 540px\" \/>\t\t\t\t\t\t\t\t\t\t\t\t\t\t\t<\/div>\n\t\t\t\t<div class=\"elementor-element elementor-element-46e79d7d elementor-widget elementor-widget-heading\" data-id=\"46e79d7d\" data-element_type=\"widget\" data-e-type=\"widget\" data-widget_type=\"heading.default\">\n\t\t\t\t\t<h2 class=\"elementor-heading-title elementor-size-default\">MANAGING PARTNER<\/h2>\t\t\t\t<\/div>\n\t\t\t\t<div class=\"elementor-element elementor-element-7854ae06 elementor-widget elementor-widget-heading\" data-id=\"7854ae06\" data-element_type=\"widget\" data-e-type=\"widget\" data-widget_type=\"heading.default\">\n\t\t\t\t\t<h2 class=\"elementor-heading-title elementor-size-default\">Nahim Salgado Diaz<\/h2>\t\t\t\t<\/div>\n\t\t\t\t<div class=\"elementor-element elementor-element-5dd7febe e-grid-align-left e-grid-align-tablet-center elementor-shape-rounded elementor-grid-0 elementor-widget elementor-widget-social-icons\" data-id=\"5dd7febe\" data-element_type=\"widget\" data-e-type=\"widget\" data-widget_type=\"social-icons.default\">\n\t\t\t\t\t\t\t<div class=\"elementor-social-icons-wrapper elementor-grid\" role=\"list\">\n\t\t\t\t\t\t\t<span class=\"elementor-grid-item\" role=\"listitem\">\n\t\t\t\t\t<a class=\"elementor-icon elementor-social-icon elementor-social-icon-phone-square-alt elementor-repeater-item-4aa9b17\" target=\"_blank\">\n\t\t\t\t\t\t<span class=\"elementor-screen-only\">Phone-square-alt<\/span>\n\t\t\t\t\t\t<svg aria-hidden=\"true\" class=\"e-font-icon-svg e-fas-phone-square-alt\" viewbox=\"0 0 448 512\" xmlns=\"http:\/\/www.w3.org\/2000\/svg\"><path d=\"M400 32H48A48 48 0 0 0 0 80v352a48 48 0 0 0 48 48h352a48 48 0 0 0 48-48V80a48 48 0 0 0-48-48zm-16.39 307.37l-15 65A15 15 0 0 1 354 416C194 416 64 286.29 64 126a15.7 15.7 0 0 1 11.63-14.61l65-15A18.23 18.23 0 0 1 144 96a16.27 16.27 0 0 1 13.79 9.09l30 70A17.9 17.9 0 0 1 189 181a17 17 0 0 1-5.5 11.61l-37.89 31a231.91 231.91 0 0 0 110.78 110.78l31-37.89A17 17 0 0 1 299 291a17.85 17.85 0 0 1 5.91 1.21l70 30A16.25 16.25 0 0 1 384 336a17.41 17.41 0 0 1-.39 3.37z\"><\/path><\/svg>\t\t\t\t\t<\/a>\n\t\t\t\t<\/span>\n\t\t\t\t\t\t\t<span class=\"elementor-grid-item\" role=\"listitem\">\n\t\t\t\t\t<a class=\"elementor-icon elementor-social-icon elementor-social-icon-ion-ios-email elementor-repeater-item-1c0a947\" target=\"_blank\">\n\t\t\t\t\t\t<span class=\"elementor-screen-only\">Ion-ios-email<\/span>\n\t\t\t\t\t\t<i aria-hidden=\"true\" class=\"ion-ios-email\"><\/i>\t\t\t\t\t<\/a>\n\t\t\t\t<\/span>\n\t\t\t\t\t<\/div>\n\t\t\t\t\t\t<\/div>\n\t\t\t\t\t<\/div>\n\t\t<\/div>\n\t\t\t\t<div class=\"elementor-column elementor-col-33 elementor-inner-column elementor-element elementor-element-5b45f643\" data-id=\"5b45f643\" data-element_type=\"column\" data-e-type=\"column\">\n\t\t\t<div class=\"elementor-widget-wrap elementor-element-populated\">\n\t\t\t\t\t\t<div class=\"elementor-element elementor-element-19073a40 elementor-widget elementor-widget-image\" data-id=\"19073a40\" data-element_type=\"widget\" data-e-type=\"widget\" data-widget_type=\"image.default\">\n\t\t\t\t\t\t\t\t\t\t\t\t\t\t\t<img decoding=\"async\" src=\"https:\/\/aurumgroup.com.mx\/wp-content\/uploads\/elementor\/thumbs\/Daniela-Galvez-Armenta-rhmklxqa3slcctclzmjoesajgeisvbs8tce301oljs.png\" title=\"Daniela Ga\u0301lvez Armenta\" alt=\"Daniela Ga\u0301lvez Armenta\" loading=\"lazy\" \/>\t\t\t\t\t\t\t\t\t\t\t\t\t\t\t<\/div>\n\t\t\t\t<div class=\"elementor-element elementor-element-51cdae79 elementor-widget elementor-widget-heading\" data-id=\"51cdae79\" data-element_type=\"widget\" data-e-type=\"widget\" data-widget_type=\"heading.default\">\n\t\t\t\t\t<h2 class=\"elementor-heading-title elementor-size-default\">Project Assistant\n<\/h2>\t\t\t\t<\/div>\n\t\t\t\t<div class=\"elementor-element elementor-element-9019ec0 elementor-widget elementor-widget-heading\" data-id=\"9019ec0\" data-element_type=\"widget\" data-e-type=\"widget\" data-widget_type=\"heading.default\">\n\t\t\t\t\t<h2 class=\"elementor-heading-title elementor-size-default\">Daniela G\u00e1lvez Armenta \n<\/h2>\t\t\t\t<\/div>\n\t\t\t\t<div class=\"elementor-element elementor-element-27f1ee27 e-grid-align-left e-grid-align-tablet-center elementor-shape-rounded elementor-grid-0 elementor-widget elementor-widget-social-icons\" data-id=\"27f1ee27\" data-element_type=\"widget\" data-e-type=\"widget\" data-widget_type=\"social-icons.default\">\n\t\t\t\t\t\t\t<div class=\"elementor-social-icons-wrapper elementor-grid\" role=\"list\">\n\t\t\t\t\t\t\t<span class=\"elementor-grid-item\" role=\"listitem\">\n\t\t\t\t\t<a class=\"elementor-icon elementor-social-icon elementor-social-icon-phone-square-alt elementor-repeater-item-4aa9b17\" target=\"_blank\">\n\t\t\t\t\t\t<span class=\"elementor-screen-only\">Phone-square-alt<\/span>\n\t\t\t\t\t\t<svg aria-hidden=\"true\" class=\"e-font-icon-svg e-fas-phone-square-alt\" viewbox=\"0 0 448 512\" xmlns=\"http:\/\/www.w3.org\/2000\/svg\"><path d=\"M400 32H48A48 48 0 0 0 0 80v352a48 48 0 0 0 48 48h352a48 48 0 0 0 48-48V80a48 48 0 0 0-48-48zm-16.39 307.37l-15 65A15 15 0 0 1 354 416C194 416 64 286.29 64 126a15.7 15.7 0 0 1 11.63-14.61l65-15A18.23 18.23 0 0 1 144 96a16.27 16.27 0 0 1 13.79 9.09l30 70A17.9 17.9 0 0 1 189 181a17 17 0 0 1-5.5 11.61l-37.89 31a231.91 231.91 0 0 0 110.78 110.78l31-37.89A17 17 0 0 1 299 291a17.85 17.85 0 0 1 5.91 1.21l70 30A16.25 16.25 0 0 1 384 336a17.41 17.41 0 0 1-.39 3.37z\"><\/path><\/svg>\t\t\t\t\t<\/a>\n\t\t\t\t<\/span>\n\t\t\t\t\t\t\t<span class=\"elementor-grid-item\" role=\"listitem\">\n\t\t\t\t\t<a class=\"elementor-icon elementor-social-icon elementor-social-icon-ion-ios-email elementor-repeater-item-773e78e\" target=\"_blank\">\n\t\t\t\t\t\t<span class=\"elementor-screen-only\">Ion-ios-email<\/span>\n\t\t\t\t\t\t<i aria-hidden=\"true\" class=\"ion-ios-email\"><\/i>\t\t\t\t\t<\/a>\n\t\t\t\t<\/span>\n\t\t\t\t\t<\/div>\n\t\t\t\t\t\t<\/div>\n\t\t\t\t\t<\/div>\n\t\t<\/div>\n\t\t\t\t<div class=\"elementor-column elementor-col-33 elementor-inner-column elementor-element elementor-element-5879800\" data-id=\"5879800\" data-element_type=\"column\" data-e-type=\"column\">\n\t\t\t<div class=\"elementor-widget-wrap elementor-element-populated\">\n\t\t\t\t\t\t<div class=\"elementor-element elementor-element-c14a8ac elementor-widget elementor-widget-image\" data-id=\"c14a8ac\" data-element_type=\"widget\" data-e-type=\"widget\" data-widget_type=\"image.default\">\n\t\t\t\t\t\t\t\t\t\t\t\t\t\t\t<img decoding=\"async\" src=\"https:\/\/aurumgroup.com.mx\/wp-content\/uploads\/elementor\/thumbs\/Victor-Montoya-Garcia-rkh6rmonfhggbqefl5i2rasvzh92qfnbv7lbswjfa0.png\" title=\"Victor Montoya Garci\u0301a\" alt=\"Victor Montoya Garci\u0301a\" loading=\"lazy\" \/>\t\t\t\t\t\t\t\t\t\t\t\t\t\t\t<\/div>\n\t\t\t\t<div class=\"elementor-element elementor-element-44171f4 elementor-widget elementor-widget-heading\" data-id=\"44171f4\" data-element_type=\"widget\" data-e-type=\"widget\" data-widget_type=\"heading.default\">\n\t\t\t\t\t<h2 class=\"elementor-heading-title elementor-size-default\">Agricultural Projects Manager<\/h2>\t\t\t\t<\/div>\n\t\t\t\t<div class=\"elementor-element elementor-element-a7ee41c elementor-widget elementor-widget-heading\" data-id=\"a7ee41c\" data-element_type=\"widget\" data-e-type=\"widget\" data-widget_type=\"heading.default\">\n\t\t\t\t\t<h2 class=\"elementor-heading-title elementor-size-default\">Victor Montoya Garc\u00eda\n<\/h2>\t\t\t\t<\/div>\n\t\t\t\t<div class=\"elementor-element elementor-element-4be6c5d e-grid-align-left e-grid-align-tablet-center elementor-shape-rounded elementor-grid-0 elementor-widget elementor-widget-social-icons\" data-id=\"4be6c5d\" data-element_type=\"widget\" data-e-type=\"widget\" data-widget_type=\"social-icons.default\">\n\t\t\t\t\t\t\t<div class=\"elementor-social-icons-wrapper elementor-grid\" role=\"list\">\n\t\t\t\t\t\t\t<span class=\"elementor-grid-item\" role=\"listitem\">\n\t\t\t\t\t<a class=\"elementor-icon elementor-social-icon elementor-social-icon-phone-square-alt elementor-repeater-item-4aa9b17\" target=\"_blank\">\n\t\t\t\t\t\t<span class=\"elementor-screen-only\">Phone-square-alt<\/span>\n\t\t\t\t\t\t<svg aria-hidden=\"true\" class=\"e-font-icon-svg e-fas-phone-square-alt\" viewbox=\"0 0 448 512\" xmlns=\"http:\/\/www.w3.org\/2000\/svg\"><path d=\"M400 32H48A48 48 0 0 0 0 80v352a48 48 0 0 0 48 48h352a48 48 0 0 0 48-48V80a48 48 0 0 0-48-48zm-16.39 307.37l-15 65A15 15 0 0 1 354 416C194 416 64 286.29 64 126a15.7 15.7 0 0 1 11.63-14.61l65-15A18.23 18.23 0 0 1 144 96a16.27 16.27 0 0 1 13.79 9.09l30 70A17.9 17.9 0 0 1 189 181a17 17 0 0 1-5.5 11.61l-37.89 31a231.91 231.91 0 0 0 110.78 110.78l31-37.89A17 17 0 0 1 299 291a17.85 17.85 0 0 1 5.91 1.21l70 30A16.25 16.25 0 0 1 384 336a17.41 17.41 0 0 1-.39 3.37z\"><\/path><\/svg>\t\t\t\t\t<\/a>\n\t\t\t\t<\/span>\n\t\t\t\t\t\t\t<span class=\"elementor-grid-item\" role=\"listitem\">\n\t\t\t\t\t<a class=\"elementor-icon elementor-social-icon elementor-social-icon-ion-ios-email elementor-repeater-item-773e78e\" target=\"_blank\">\n\t\t\t\t\t\t<span class=\"elementor-screen-only\">Ion-ios-email<\/span>\n\t\t\t\t\t\t<i aria-hidden=\"true\" class=\"ion-ios-email\"><\/i>\t\t\t\t\t<\/a>\n\t\t\t\t<\/span>\n\t\t\t\t\t<\/div>\n\t\t\t\t\t\t<\/div>\n\t\t\t\t\t<\/div>\n\t\t<\/div>\n\t\t\t\t\t<\/div>\n\t\t<\/section>\n\t\t\t\t\t<\/div>\n\t\t<\/div>\n\t\t\t\t\t<\/div>\n\t\t<\/section>\n\t\t\t\t<\/div>","protected":false},"excerpt":{"rendered":"<p>PERFIL DE LA EMPRESA &#8211; Nuestro equipo Los asesores financieros de AURUM FINANCIAL GROUP conforman una red multidisciplinaria de profesionales con amplia experiencia en finanzas, estructuraci\u00f3n de proyectos, inversi\u00f3n, an\u00e1lisis financiero y consultor\u00eda estrat\u00e9gica. MANAGING PARTNER Nahim Salgado Diaz Phone-square-alt Ion-ios-email Project Assistant Daniela G\u00e1lvez Armenta Phone-square-alt Ion-ios-email Agricultural Projects Manager [&hellip;]<\/p>\n","protected":false},"author":1,"featured_media":0,"parent":0,"menu_order":0,"comment_status":"closed","ping_status":"closed","template":"elementor_header_footer","meta":{"footnotes":""},"class_list":["post-1163","page","type-page","status-publish","hentry"],"yoast_head":"<!-- This site is optimized with the Yoast SEO Premium plugin v27.0 (Yoast SEO v27.3) - https:\/\/yoast.com\/product\/yoast-seo-premium-wordpress\/ -->\n<title>Nuestro Equipo - Aurum<\/title>\n<meta name=\"robots\" content=\"index, follow, max-snippet:-1, max-image-preview:large, max-video-preview:-1\" \/>\n<link rel=\"canonical\" href=\"https:\/\/aurumgroup.com.mx\/en\/nuestro-equipo\/\" \/>\n<meta property=\"og:locale\" content=\"en_US\" \/>\n<meta property=\"og:type\" content=\"article\" \/>\n<meta property=\"og:title\" content=\"Nuestro Equipo\" \/>\n<meta property=\"og:description\" content=\"PERFIL DE LA EMPRESA &#8211; Nuestro equipo Los asesores financieros de AURUM FINANCIAL GROUP conforman una red multidisciplinaria de profesionales con amplia experiencia en finanzas, estructuraci\u00f3n de proyectos, inversi\u00f3n, an\u00e1lisis financiero y consultor\u00eda estrat\u00e9gica. MANAGING PARTNER Nahim Salgado Diaz Phone-square-alt Ion-ios-email Project Assistant Daniela G\u00e1lvez Armenta Phone-square-alt Ion-ios-email Agricultural Projects Manager [&hellip;]\" \/>\n<meta property=\"og:url\" content=\"https:\/\/aurumgroup.com.mx\/en\/nuestro-equipo\/\" \/>\n<meta property=\"og:site_name\" content=\"Aurum\" \/>\n<meta property=\"article:modified_time\" content=\"2026-03-14T02:59:21+00:00\" \/>\n<meta property=\"og:image\" content=\"https:\/\/aurumgroup.com.mx\/wp-content\/uploads\/2026\/01\/Nahim-Salgado-Diaz-100.jpg\" \/>\n\t<meta property=\"og:image:width\" content=\"540\" \/>\n\t<meta property=\"og:image:height\" content=\"540\" \/>\n\t<meta property=\"og:image:type\" content=\"image\/jpeg\" \/>\n<meta name=\"twitter:card\" content=\"summary_large_image\" \/>\n<meta name=\"twitter:label1\" content=\"Est. reading time\" \/>\n\t<meta name=\"twitter:data1\" content=\"1 minute\" \/>\n<script type=\"application\/ld+json\" class=\"yoast-schema-graph\">{\"@context\":\"https:\\\/\\\/schema.org\",\"@graph\":[{\"@type\":\"WebPage\",\"@id\":\"https:\\\/\\\/aurumgroup.com.mx\\\/nuestro-equipo\\\/\",\"url\":\"https:\\\/\\\/aurumgroup.com.mx\\\/nuestro-equipo\\\/\",\"name\":\"Nuestro Equipo - Aurum\",\"isPartOf\":{\"@id\":\"https:\\\/\\\/aurumgroup.com.mx\\\/en\\\/#website\"},\"primaryImageOfPage\":{\"@id\":\"https:\\\/\\\/aurumgroup.com.mx\\\/nuestro-equipo\\\/#primaryimage\"},\"image\":{\"@id\":\"https:\\\/\\\/aurumgroup.com.mx\\\/nuestro-equipo\\\/#primaryimage\"},\"thumbnailUrl\":\"https:\\\/\\\/aurumgroup.com.mx\\\/wp-content\\\/uploads\\\/2026\\\/01\\\/Nahim-Salgado-Diaz-100.jpg\",\"datePublished\":\"2020-11-07T09:28:26+00:00\",\"dateModified\":\"2026-03-14T02:59:21+00:00\",\"breadcrumb\":{\"@id\":\"https:\\\/\\\/aurumgroup.com.mx\\\/nuestro-equipo\\\/#breadcrumb\"},\"inLanguage\":\"en-US\",\"potentialAction\":[{\"@type\":\"ReadAction\",\"target\":[\"https:\\\/\\\/aurumgroup.com.mx\\\/nuestro-equipo\\\/\"]}]},{\"@type\":\"ImageObject\",\"inLanguage\":\"en-US\",\"@id\":\"https:\\\/\\\/aurumgroup.com.mx\\\/nuestro-equipo\\\/#primaryimage\",\"url\":\"https:\\\/\\\/aurumgroup.com.mx\\\/wp-content\\\/uploads\\\/2026\\\/01\\\/Nahim-Salgado-Diaz-100.jpg\",\"contentUrl\":\"https:\\\/\\\/aurumgroup.com.mx\\\/wp-content\\\/uploads\\\/2026\\\/01\\\/Nahim-Salgado-Diaz-100.jpg\"},{\"@type\":\"BreadcrumbList\",\"@id\":\"https:\\\/\\\/aurumgroup.com.mx\\\/nuestro-equipo\\\/#breadcrumb\",\"itemListElement\":[{\"@type\":\"ListItem\",\"position\":1,\"name\":\"Home\",\"item\":\"https:\\\/\\\/aurumgroup.com.mx\\\/en\\\/\"},{\"@type\":\"ListItem\",\"position\":2,\"name\":\"Nuestro Equipo\"}]},{\"@type\":\"WebSite\",\"@id\":\"https:\\\/\\\/aurumgroup.com.mx\\\/en\\\/#website\",\"url\":\"https:\\\/\\\/aurumgroup.com.mx\\\/en\\\/\",\"name\":\"Aurum\",\"description\":\"\",\"publisher\":{\"@id\":\"https:\\\/\\\/aurumgroup.com.mx\\\/en\\\/#organization\"},\"potentialAction\":[{\"@type\":\"SearchAction\",\"target\":{\"@type\":\"EntryPoint\",\"urlTemplate\":\"https:\\\/\\\/aurumgroup.com.mx\\\/en\\\/?s={search_term_string}\"},\"query-input\":{\"@type\":\"PropertyValueSpecification\",\"valueRequired\":true,\"valueName\":\"search_term_string\"}}],\"inLanguage\":\"en-US\"},{\"@type\":\"Organization\",\"@id\":\"https:\\\/\\\/aurumgroup.com.mx\\\/en\\\/#organization\",\"name\":\"Aurum\",\"url\":\"https:\\\/\\\/aurumgroup.com.mx\\\/en\\\/\",\"logo\":{\"@type\":\"ImageObject\",\"inLanguage\":\"en-US\",\"@id\":\"https:\\\/\\\/aurumgroup.com.mx\\\/en\\\/#\\\/schema\\\/logo\\\/image\\\/\",\"url\":\"https:\\\/\\\/aurumgroup.com.mx\\\/wp-content\\\/uploads\\\/2025\\\/12\\\/aurum_logo.png\",\"contentUrl\":\"https:\\\/\\\/aurumgroup.com.mx\\\/wp-content\\\/uploads\\\/2025\\\/12\\\/aurum_logo.png\",\"width\":1287,\"height\":322,\"caption\":\"Aurum\"},\"image\":{\"@id\":\"https:\\\/\\\/aurumgroup.com.mx\\\/en\\\/#\\\/schema\\\/logo\\\/image\\\/\"}}]}<\/script>\n<!-- \/ Yoast SEO Premium plugin. -->","yoast_head_json":{"title":"Nuestro Equipo - Aurum","robots":{"index":"index","follow":"follow","max-snippet":"max-snippet:-1","max-image-preview":"max-image-preview:large","max-video-preview":"max-video-preview:-1"},"canonical":"https:\/\/aurumgroup.com.mx\/en\/nuestro-equipo\/","og_locale":"en_US","og_type":"article","og_title":"Nuestro Equipo","og_description":"PERFIL DE LA EMPRESA &#8211; Nuestro equipo Los asesores financieros de AURUM FINANCIAL GROUP conforman una red multidisciplinaria de profesionales con amplia experiencia en finanzas, estructuraci\u00f3n de proyectos, inversi\u00f3n, an\u00e1lisis financiero y consultor\u00eda estrat\u00e9gica. MANAGING PARTNER Nahim Salgado Diaz Phone-square-alt Ion-ios-email Project Assistant Daniela G\u00e1lvez Armenta Phone-square-alt Ion-ios-email Agricultural Projects Manager [&hellip;]","og_url":"https:\/\/aurumgroup.com.mx\/en\/nuestro-equipo\/","og_site_name":"Aurum","article_modified_time":"2026-03-14T02:59:21+00:00","og_image":[{"width":540,"height":540,"url":"https:\/\/aurumgroup.com.mx\/wp-content\/uploads\/2026\/01\/Nahim-Salgado-Diaz-100.jpg","type":"image\/jpeg"}],"twitter_card":"summary_large_image","twitter_misc":{"Est. reading time":"1 minute"},"schema":{"@context":"https:\/\/schema.org","@graph":[{"@type":"WebPage","@id":"https:\/\/aurumgroup.com.mx\/nuestro-equipo\/","url":"https:\/\/aurumgroup.com.mx\/nuestro-equipo\/","name":"Nuestro Equipo - Aurum","isPartOf":{"@id":"https:\/\/aurumgroup.com.mx\/en\/#website"},"primaryImageOfPage":{"@id":"https:\/\/aurumgroup.com.mx\/nuestro-equipo\/#primaryimage"},"image":{"@id":"https:\/\/aurumgroup.com.mx\/nuestro-equipo\/#primaryimage"},"thumbnailUrl":"https:\/\/aurumgroup.com.mx\/wp-content\/uploads\/2026\/01\/Nahim-Salgado-Diaz-100.jpg","datePublished":"2020-11-07T09:28:26+00:00","dateModified":"2026-03-14T02:59:21+00:00","breadcrumb":{"@id":"https:\/\/aurumgroup.com.mx\/nuestro-equipo\/#breadcrumb"},"inLanguage":"en-US","potentialAction":[{"@type":"ReadAction","target":["https:\/\/aurumgroup.com.mx\/nuestro-equipo\/"]}]},{"@type":"ImageObject","inLanguage":"en-US","@id":"https:\/\/aurumgroup.com.mx\/nuestro-equipo\/#primaryimage","url":"https:\/\/aurumgroup.com.mx\/wp-content\/uploads\/2026\/01\/Nahim-Salgado-Diaz-100.jpg","contentUrl":"https:\/\/aurumgroup.com.mx\/wp-content\/uploads\/2026\/01\/Nahim-Salgado-Diaz-100.jpg"},{"@type":"BreadcrumbList","@id":"https:\/\/aurumgroup.com.mx\/nuestro-equipo\/#breadcrumb","itemListElement":[{"@type":"ListItem","position":1,"name":"Home","item":"https:\/\/aurumgroup.com.mx\/en\/"},{"@type":"ListItem","position":2,"name":"Nuestro Equipo"}]},{"@type":"WebSite","@id":"https:\/\/aurumgroup.com.mx\/en\/#website","url":"https:\/\/aurumgroup.com.mx\/en\/","name":"Aurum","description":"","publisher":{"@id":"https:\/\/aurumgroup.com.mx\/en\/#organization"},"potentialAction":[{"@type":"SearchAction","target":{"@type":"EntryPoint","urlTemplate":"https:\/\/aurumgroup.com.mx\/en\/?s={search_term_string}"},"query-input":{"@type":"PropertyValueSpecification","valueRequired":true,"valueName":"search_term_string"}}],"inLanguage":"en-US"},{"@type":"Organization","@id":"https:\/\/aurumgroup.com.mx\/en\/#organization","name":"Aurum","url":"https:\/\/aurumgroup.com.mx\/en\/","logo":{"@type":"ImageObject","inLanguage":"en-US","@id":"https:\/\/aurumgroup.com.mx\/en\/#\/schema\/logo\/image\/","url":"https:\/\/aurumgroup.com.mx\/wp-content\/uploads\/2025\/12\/aurum_logo.png","contentUrl":"https:\/\/aurumgroup.com.mx\/wp-content\/uploads\/2025\/12\/aurum_logo.png","width":1287,"height":322,"caption":"Aurum"},"image":{"@id":"https:\/\/aurumgroup.com.mx\/en\/#\/schema\/logo\/image\/"}}]}},"_hostinger_reach_plugin_has_subscription_block":false,"_hostinger_reach_plugin_is_elementor":false,"_links":{"self":[{"href":"https:\/\/aurumgroup.com.mx\/en\/wp-json\/wp\/v2\/pages\/1163","targetHints":{"allow":["GET"]}}],"collection":[{"href":"https:\/\/aurumgroup.com.mx\/en\/wp-json\/wp\/v2\/pages"}],"about":[{"href":"https:\/\/aurumgroup.com.mx\/en\/wp-json\/wp\/v2\/types\/page"}],"author":[{"embeddable":true,"href":"https:\/\/aurumgroup.com.mx\/en\/wp-json\/wp\/v2\/users\/1"}],"replies":[{"embeddable":true,"href":"https:\/\/aurumgroup.com.mx\/en\/wp-json\/wp\/v2\/comments?post=1163"}],"version-history":[{"count":52,"href":"https:\/\/aurumgroup.com.mx\/en\/wp-json\/wp\/v2\/pages\/1163\/revisions"}],"predecessor-version":[{"id":2748,"href":"https:\/\/aurumgroup.com.mx\/en\/wp-json\/wp\/v2\/pages\/1163\/revisions\/2748"}],"wp:attachment":[{"href":"https:\/\/aurumgroup.com.mx\/en\/wp-json\/wp\/v2\/media?parent=1163"}],"curies":[{"name":"wp","href":"https:\/\/api.w.org\/{rel}","templated":true}]}}